{"id":3378,"date":"2024-12-04T01:46:23","date_gmt":"2024-12-04T00:46:23","guid":{"rendered":"https:\/\/casanidomontessori.es\/?page_id=3378"},"modified":"2024-12-30T19:41:51","modified_gmt":"2024-12-30T18:41:51","slug":"politica-de-privacidad","status":"publish","type":"page","link":"https:\/\/casanidomontessori.es\/en\/politica-de-privacidad\/","title":{"rendered":"Privacy Policy"},"content":{"rendered":"<p><strong>Privacidad Web<\/strong><\/p>\n\n\n\n<p>La direcci\u00f3n de nuestra web es: https:\/\/casanidomontessori.es, en adelante Casa Nido Montessori<\/p>\n\n\n\n<p>Para Casa Nido Montessori respetar tu privacidad y cumplir con la normativa de protecci\u00f3n de datos es un aspecto de vital importancia.<\/p>\n\n\n\n<p>Nuestro deseo es que en todo momento conozcas para qu\u00e9 utilizamos, o queremos utilizar, tus datos y cu\u00e1les son tus derechos. Con este objetivo, hemos redactado los siguientes t\u00e9rminos de Protecci\u00f3n de Datos (\u201c<strong>Pol\u00edtica de Privacidad Web<\/strong>\u201d) que regula el tratamiento de datos que se llevar\u00e1 a cabo cuando cualquier Usuario navegue por nuestra p\u00e1gina web https:\/\/casanidomontessori.es en cuyo footer se muestra esta Pol\u00edtica de Privacidad.<\/p>\n\n\n\n<p>La presente Pol\u00edtica de Privacidad Web podr\u00e1 ser objeto de modificaci\u00f3n para cualquier adaptaci\u00f3n legal a futuras novedades legislativas o jurisprudenciales, as\u00ed como pr\u00e1cticas de la industria. En cualquier caso, el tratamiento de datos del usuario ser\u00e1 regulado por la Pol\u00edtica de Protecci\u00f3n de datos que estuviese vigente en el momento de la navegaci\u00f3n.<\/p>\n\n\n\n<ol class=\"wp-block-list\">\n<li><strong>\u00bfQui\u00e9n tratar\u00e1 sus datos?<\/strong><\/li>\n<\/ol>\n\n\n\n<p>El responsable del tratamiento es Silvia Abrines Martin, con NIF: ES52691004M y domicilio social en CALLE BOLIVAR 24, 28045 MADRID .<\/p>\n\n\n\n<p>Para garantizar la adecuada gesti\u00f3n de dicho tratamiento, Casa Nido Montessori tiene designado un Delegado de Protecci\u00f3n de Datos (DPD o DPO), a qui\u00e9n puede dirigirse a trav\u00e9s de la siguiente direcci\u00f3n de correo electr\u00f3nico:&nbsp;admin@casanidomontessori.es<\/p>\n\n\n\n<ol start=\"2\" class=\"wp-block-list\">\n<li><strong>\u00bfPara qu\u00e9 se tratar\u00e1n sus datos y por qu\u00e9?<\/strong><\/li>\n<\/ol>\n\n\n\n<p>Los datos de car\u00e1cter personal del Usuario ser\u00e1n utilizados para las siguientes finalidades:<\/p>\n\n\n\n<p>\u2013 Permitir la navegaci\u00f3n a trav\u00e9s de nuestra p\u00e1gina web.<\/p>\n\n\n\n<p>\u2013 En caso de que acepte nuestra&nbsp;Pol\u00edtica de Cookies: Analizar su navegaci\u00f3n mediante Google Analytics para saber lo que pasa en nuestra p\u00e1gina web:&nbsp;&nbsp;visitantes, usuarios \u00fanicos, conversiones, duraci\u00f3n de las visitas, duraci\u00f3n de las sesiones, c\u00f3mo han llegado a nuestra web,\u2026<\/p>\n\n\n\n<p>Por \u00faltimo, nuestra p\u00e1gina web dispone de distintos formularios que le permiten solicitarnos informaci\u00f3n y hacer consultas sobre:<\/p>\n\n\n\n<ul class=\"wp-block-list\">\n<li>Nuestros servicios en Casa Nido English Speaking Montessori Center International School.<\/li>\n<\/ul>\n\n\n\n<p>En caso de utilizar estos formularios, los datos incorporados a los mismos ser\u00e1n tratados para tramitar su solicitud.<\/p>\n\n\n\n<p>En cualquier caso, con car\u00e1cter previo al uso de los distintos formularios web, se le informar\u00e1 sobre el tratamiento que se efectuar\u00e1 de sus datos -en caso de que difiera del tratamiento previsto en la presente Pol\u00edtica de Privacidad Web- y se le solicitar\u00e1n los consentimientos que, en cada caso, resulten necesarios.<\/p>\n\n\n\n<ol start=\"3\" class=\"wp-block-list\">\n<li><strong>\u00bfQu\u00e9 datos ser\u00e1n tratados?<\/strong><\/li>\n<\/ol>\n\n\n\n<p>Trataremos sus datos personales que se obtienen a trav\u00e9s de su navegaci\u00f3n por nuestra p\u00e1gina web, incluyendo:<\/p>\n\n\n\n<ol class=\"wp-block-list\">\n<li>Datos facilitados de forma indirecta por el Usuario:<\/li>\n<\/ol>\n\n\n\n<p>A trav\u00e9s de su navegaci\u00f3n, pueden instalarse en su dispositivo distintas cookies de conformidad con lo establecido en nuestra&nbsp;Pol\u00edtica de Cookies.<\/p>\n\n\n\n<ol class=\"wp-block-list\">\n<li>Datos facilitados de forma directa por el Usuario:<\/li>\n<\/ol>\n\n\n\n<p>La navegaci\u00f3n a trav\u00e9s de nuestra p\u00e1gina web no requiere su registro previo. No obstante, cuando usted visita nuestra p\u00e1gina web, nuestros servidores web almacenan, de forma est\u00e1ndar, informaci\u00f3n como la direcci\u00f3n IP y el dominio desde el que se obtiene el acceso, la fecha y la hora de la visita, etc.<\/p>\n\n\n\n<p>Por otro lado, ciertas funcionalidades de nuestra p\u00e1gina web exigen que facilite informaci\u00f3n adicional a trav\u00e9s del correspondiente formulario.<\/p>\n\n\n\n<p>Salvo que expresamente se indique lo contrario, todos los campos recogidos en el formulario ser\u00e1n obligatorios, por lo que la falta de informaci\u00f3n impedir\u00e1 la tramitaci\u00f3n de su solicitud.<\/p>\n\n\n\n<p>Comentarios:<\/p>\n\n\n\n<p>Cuando los visitantes dejan comentarios en la web, recopilamos los datos que se muestran en el formulario de comentarios, as\u00ed como la direcci\u00f3n IP del visitante y la cadena de agentes de usuario del navegador para ayudar a la detecci\u00f3n de spam.<\/p>\n\n\n\n<p>Una cadena an\u00f3nima creada a partir de tu direcci\u00f3n de correo electr\u00f3nico (tambi\u00e9n llamada hash) puede ser proporcionada al servicio de Gravatar para ver si la est\u00e1s usando. La pol\u00edtica de privacidad del servicio Gravatar est\u00e1 disponible aqu\u00ed:&nbsp;<a href=\"https:\/\/automattic.com\/privacy\/\">https:\/\/automattic.com\/privacy\/<\/a>. Despu\u00e9s de la aprobaci\u00f3n de tu comentario, la imagen de tu perfil es visible para el p\u00fablico en el contexto de su comentario.<\/p>\n\n\n\n<p>Medios:<\/p>\n\n\n\n<p><strong>&nbsp;<\/strong>Si subes im\u00e1genes a la web deber\u00edas evitar subir im\u00e1genes con datos de ubicaci\u00f3n (GPS EXIF) incluidos. Los visitantes de la web pueden descargar y extraer cualquier dato de localizaci\u00f3n de las im\u00e1genes de la web.<\/p>\n\n\n\n<p>Cookies:<\/p>\n\n\n\n<p>Si dejas un comentario en nuestro sitio puedes elegir guardar tu nombre, direcci\u00f3n de correo electr\u00f3nico y web en cookies. Esto es para tu comodidad, para que no tengas que volver a rellenar tus datos cuando dejes otro comentario. Estas cookies tendr\u00e1n una duraci\u00f3n de un a\u00f1o.<\/p>\n\n\n\n<p>Si tienes una cuenta y te conectas a este sitio, instalaremos una cookie temporal para determinar si tu navegador acepta cookies. Esta cookie no contiene datos personales y se elimina al cerrar el navegador.<\/p>\n\n\n\n<p>Cuando inicias sesi\u00f3n, tambi\u00e9n instalaremos varias cookies para guardar tu informaci\u00f3n de inicio de sesi\u00f3n y tus opciones de visualizaci\u00f3n de pantalla. Las cookies de inicio de sesi\u00f3n duran dos d\u00edas, y las cookies de opciones de pantalla duran un a\u00f1o. Si seleccionas \u00abRecordarme\u00bb, tu inicio de sesi\u00f3n perdurar\u00e1 durante dos semanas. Si sales de tu cuenta, las cookies de inicio de sesi\u00f3n se eliminar\u00e1n.<\/p>\n\n\n\n<p>Si editas o publicas un art\u00edculo se guardar\u00e1 una cookie adicional en tu navegador. Esta cookie no incluye datos personales y simplemente indica el ID del art\u00edculo que acabas de editar. Caduca despu\u00e9s de 1 d\u00eda.<\/p>\n\n\n\n<p>Contenido incrustado de otros sitios web:<\/p>\n\n\n\n<p>Los art\u00edculos de este sitio pueden incluir contenido incrustado (por ejemplo, v\u00eddeos, im\u00e1genes, art\u00edculos, etc.). El contenido incrustado de otras web se comporta exactamente de la misma manera que si el visitante hubiera visitado la otra web.<\/p>\n\n\n\n<p>Estas web pueden recopilar datos sobre ti, utilizar cookies, incrustar un seguimiento adicional de terceros, y supervisar tu interacci\u00f3n con ese contenido incrustado, incluido el seguimiento de su interacci\u00f3n con el contenido incrustado si tienes una cuenta y est\u00e1s conectado a esa web.<\/p>\n\n\n\n<ol start=\"4\" class=\"wp-block-list\">\n<li><strong>\u00bfSe comunicar\u00e1n sus datos a terceros?<\/strong><\/li>\n<\/ol>\n\n\n\n<p>Con car\u00e1cter general nunca se comunicar\u00e1n sus datos a otras personas distintas de Silvia Abrines Martin -Delegado de Protecci\u00f3n de Datos (DPD o DPO)- ni a terceros o a terceros pa\u00edses.<\/p>\n\n\n\n<ol start=\"5\" class=\"wp-block-list\">\n<li><strong>\u00bfPor cu\u00e1nto tiempo ser\u00e1 tratados sus datos?<\/strong><\/li>\n<\/ol>\n\n\n\n<p>Los datos personales ser\u00e1n conservados exclusivamente durante el plazo necesario para permitir su navegaci\u00f3n por la p\u00e1gina web, analizar su navegaci\u00f3n (en caso de aceptaci\u00f3n de la pol\u00edtica de cookies) o tramitar sus solicitudes de servicio a trav\u00e9s de la p\u00e1gina web.<\/p>\n\n\n\n<p>Si dejas un comentario, el comentario y sus metadatos se conservan indefinidamente. Esto es para que podamos reconocer y aprobar comentarios sucesivos autom\u00e1ticamente en lugar de mantenerlos en una cola de moderaci\u00f3n.<\/p>\n\n\n\n<p>De los usuarios que se registran en nuestra web (si los hay), tambi\u00e9n almacenamos la informaci\u00f3n personal que proporcionan en su perfil de usuario. Todos los usuarios pueden ver, editar o eliminar su informaci\u00f3n personal en cualquier momento (excepto que no pueden cambiar su nombre de usuario). Los administradores de la web tambi\u00e9n pueden ver y editar esa informaci\u00f3n.<\/p>\n\n\n\n<p>De la misma forma, cualquier suscriptor puede darse de baja en cualquier momento de las newsletters, bien por si mismo o solicit\u00e1ndolo al Delegado de Protecci\u00f3n de Datos (DPD o DPO).<\/p>\n\n\n\n<ol start=\"6\" class=\"wp-block-list\">\n<li><strong>\u00bfCu\u00e1les son sus derechos?<\/strong><\/li>\n<\/ol>\n\n\n\n<p>En la medida en que est\u00e9n reconocidos en la normativa de protecci\u00f3n de datos aplicable en cada momento, el Usuario podr\u00e1 ejercer los siguientes derechos en relaci\u00f3n con el tratamiento de sus datos:<\/p>\n\n\n\n<p>\u2013 Derecho de acceso: si ejerce este derecho, podr\u00e1 conocer qu\u00e9 tipo de datos estamos tratando y las caracter\u00edsticas del tratamiento que estamos llevando a cabo.<\/p>\n\n\n\n<p>\u2013 Derecho de rectificaci\u00f3n: si ejerce este derecho, podr\u00e1 solicitar la modificaci\u00f3n de sus datos por ser \u00e9stos inexactos o no veraces.<\/p>\n\n\n\n<p>\u2013 Derecho de portabilidad: si ejerce este derecho, podr\u00e1 obtener una copia en un formato interoperable de los datos que est\u00e9n siendo tratados.<\/p>\n\n\n\n<p>\u2013 Derecho a la limitaci\u00f3n en el tratamiento de datos: si ejerce este derecho, podr\u00e1 limitar el tratamiento de sus datos en los casos recogidos en la Ley.<\/p>\n\n\n\n<p>\u2013 Derecho de oposici\u00f3n: si ejerce este derecho, podr\u00e1 oponerse al tratamiento de sus datos y solicitar el cese en el env\u00edo de comunicaciones comerciales.<\/p>\n\n\n\n<p>\u2013 Derecho de supresi\u00f3n: si ejerce este derecho, podr\u00e1 solicitar la supresi\u00f3n de sus datos cuando el tratamiento ya no resulte necesario.<\/p>\n\n\n\n<p>\u2013 Derecho a revocar el consentimiento prestado.<\/p>\n\n\n\n<p>Puede ejercitar sus derechos a trav\u00e9s de alguno de los siguientes canales, indicando el derecho a ejercitar y acompa\u00f1ando copia del Documento Nacional de Identidad o documento equivalente adem\u00e1s de cualquier otra documentaci\u00f3n que considere oportuna:<\/p>\n\n\n\n<ol class=\"wp-block-list\">\n<li>Direcci\u00f3n Postal: CALLE BOLIVAR 24 , 28045 MADRID<\/li>\n\n\n\n<li>Correo Electr\u00f3nico:&nbsp;info@casanidomontessori.es<\/li>\n<\/ol>\n\n\n\n<p>En la p\u00e1gina web de la Agencia Espa\u00f1ola de Protecci\u00f3n de Datos (AEPD) puede encontrar una serie de modelos que le ayudar\u00e1n en el ejercicio de sus derechos. Asimismo, le informamos tiene derecho a interponer una reclamaci\u00f3n ante la autoridad de control (en Espa\u00f1a, la AEPD) en caso de que considere infringidos sus derechos.<\/p>","protected":false},"excerpt":{"rendered":"<p>Privacidad Web La direcci\u00f3n de nuestra web es: https:\/\/casanidomontessori.es, en adelante Casa Nido Montessori Para Casa Nido Montessori respetar tu privacidad y cumplir con la normativa de protecci\u00f3n de datos es un aspecto de vital importancia. Nuestro deseo es que en todo momento conozcas para qu\u00e9 utilizamos, o queremos utilizar, tus datos y cu\u00e1les son&#8230;<\/p>","protected":false},"author":1,"featured_media":0,"parent":0,"menu_order":0,"comment_status":"closed","ping_status":"closed","template":"","meta":{"_kadence_starter_templates_imported_post":false,"_kad_post_transparent":"","_kad_post_title":"","_kad_post_layout":"","_kad_post_sidebar_id":"","_kad_post_content_style":"","_kad_post_vertical_padding":"","_kad_post_feature":"","_kad_post_feature_position":"","_kad_post_header":false,"_kad_post_footer":false,"footnotes":""},"class_list":["post-3378","page","type-page","status-publish","hentry"],"yoast_head":"<!-- This site is optimized with the Yoast SEO plugin v27.4 - https:\/\/yoast.com\/product\/yoast-seo-wordpress\/ -->\n<title>Pol\u00edtica de privacidad -<\/title>\n<meta name=\"description\" content=\"Los art\u00edculos de este sitio pueden incluir contenido incrustado (por ejemplo, v\u00eddeos, im\u00e1genes, art\u00edculos, etc.).\" \/>\n<meta name=\"robots\" content=\"index, follow, max-snippet:-1, max-image-preview:large, max-video-preview:-1\" \/>\n<link rel=\"canonical\" href=\"https:\/\/casanidomontessori.es\/en\/politica-de-privacidad\/\" \/>\n<meta property=\"og:locale\" content=\"en_US\" \/>\n<meta property=\"og:type\" content=\"article\" \/>\n<meta property=\"og:title\" content=\"Pol\u00edtica de privacidad -\" \/>\n<meta property=\"og:description\" content=\"Los art\u00edculos de este sitio pueden incluir contenido incrustado (por ejemplo, v\u00eddeos, im\u00e1genes, art\u00edculos, etc.).\" \/>\n<meta property=\"og:url\" content=\"https:\/\/casanidomontessori.es\/en\/politica-de-privacidad\/\" \/>\n<meta property=\"og:site_name\" content=\"Casa Nido\" \/>\n<meta property=\"article:publisher\" content=\"https:\/\/www.facebook.com\/casanidom\" \/>\n<meta property=\"article:modified_time\" content=\"2024-12-30T18:41:51+00:00\" \/>\n<meta property=\"og:image\" content=\"https:\/\/casanidomontessori.es\/wp-content\/uploads\/2024\/01\/cropped-Solo-logo-Registrado-copia.png\" \/>\n\t<meta property=\"og:image:width\" content=\"512\" \/>\n\t<meta property=\"og:image:height\" content=\"512\" \/>\n\t<meta property=\"og:image:type\" content=\"image\/png\" \/>\n<meta name=\"twitter:card\" content=\"summary_large_image\" \/>\n<meta name=\"twitter:site\" content=\"@CasaNido39028\" \/>\n<meta name=\"twitter:label1\" content=\"Est. reading time\" \/>\n\t<meta name=\"twitter:data1\" content=\"7 minutes\" \/>\n<script type=\"application\/ld+json\" class=\"yoast-schema-graph\">{\"@context\":\"https:\\\/\\\/schema.org\",\"@graph\":[{\"@type\":\"WebPage\",\"@id\":\"https:\\\/\\\/casanidomontessori.es\\\/politica-de-privacidad\\\/\",\"url\":\"https:\\\/\\\/casanidomontessori.es\\\/politica-de-privacidad\\\/\",\"name\":\"Pol\u00edtica de privacidad -\",\"isPartOf\":{\"@id\":\"https:\\\/\\\/casanidomontessori.es\\\/#website\"},\"datePublished\":\"2024-12-04T00:46:23+00:00\",\"dateModified\":\"2024-12-30T18:41:51+00:00\",\"description\":\"Los art\u00edculos de este sitio pueden incluir contenido incrustado (por ejemplo, v\u00eddeos, im\u00e1genes, art\u00edculos, etc.).\",\"breadcrumb\":{\"@id\":\"https:\\\/\\\/casanidomontessori.es\\\/politica-de-privacidad\\\/#breadcrumb\"},\"inLanguage\":\"en-US\",\"potentialAction\":[{\"@type\":\"ReadAction\",\"target\":[\"https:\\\/\\\/casanidomontessori.es\\\/politica-de-privacidad\\\/\"]}]},{\"@type\":\"BreadcrumbList\",\"@id\":\"https:\\\/\\\/casanidomontessori.es\\\/politica-de-privacidad\\\/#breadcrumb\",\"itemListElement\":[{\"@type\":\"ListItem\",\"position\":1,\"name\":\"Home\",\"item\":\"https:\\\/\\\/casanidomontessori.es\\\/\"},{\"@type\":\"ListItem\",\"position\":2,\"name\":\"Pol\u00edtica de privacidad\"}]},{\"@type\":\"WebSite\",\"@id\":\"https:\\\/\\\/casanidomontessori.es\\\/#website\",\"url\":\"https:\\\/\\\/casanidomontessori.es\\\/\",\"name\":\"casanido.es\",\"description\":\"Centro Montessori Biling\u00fce\",\"publisher\":{\"@id\":\"https:\\\/\\\/casanidomontessori.es\\\/#organization\"},\"alternateName\":\"Casa Nido Montessori\",\"potentialAction\":[{\"@type\":\"SearchAction\",\"target\":{\"@type\":\"EntryPoint\",\"urlTemplate\":\"https:\\\/\\\/casanidomontessori.es\\\/?s={search_term_string}\"},\"query-input\":{\"@type\":\"PropertyValueSpecification\",\"valueRequired\":true,\"valueName\":\"search_term_string\"}}],\"inLanguage\":\"en-US\"},{\"@type\":\"Organization\",\"@id\":\"https:\\\/\\\/casanidomontessori.es\\\/#organization\",\"name\":\"Casa Nido English Speaking Montessori Center\",\"alternateName\":\"Casa Nido Montessori\",\"url\":\"https:\\\/\\\/casanidomontessori.es\\\/\",\"logo\":{\"@type\":\"ImageObject\",\"inLanguage\":\"en-US\",\"@id\":\"https:\\\/\\\/casanidomontessori.es\\\/#\\\/schema\\\/logo\\\/image\\\/\",\"url\":\"https:\\\/\\\/casanidomontessori.es\\\/wp-content\\\/uploads\\\/2024\\\/01\\\/cropped-Solo-logo-Registrado-copia.png\",\"contentUrl\":\"https:\\\/\\\/casanidomontessori.es\\\/wp-content\\\/uploads\\\/2024\\\/01\\\/cropped-Solo-logo-Registrado-copia.png\",\"width\":512,\"height\":512,\"caption\":\"Casa Nido English Speaking Montessori Center\"},\"image\":{\"@id\":\"https:\\\/\\\/casanidomontessori.es\\\/#\\\/schema\\\/logo\\\/image\\\/\"},\"sameAs\":[\"https:\\\/\\\/www.facebook.com\\\/casanidom\",\"https:\\\/\\\/x.com\\\/CasaNido39028\",\"https:\\\/\\\/www.instagram.com\\\/casanidoe\\\/\",\"https:\\\/\\\/www.linkedin.com\\\/company\\\/casanidom\\\/\",\"https:\\\/\\\/www.tiktok.com\\\/@casanido\",\"https:\\\/\\\/www.google.com\\\/maps?cid=12469712825010035692\"]}]}<\/script>\n<!-- \/ Yoast SEO plugin. -->","yoast_head_json":{"title":"Pol\u00edtica de privacidad -","description":"Los art\u00edculos de este sitio pueden incluir contenido incrustado (por ejemplo, v\u00eddeos, im\u00e1genes, art\u00edculos, etc.).","robots":{"index":"index","follow":"follow","max-snippet":"max-snippet:-1","max-image-preview":"max-image-preview:large","max-video-preview":"max-video-preview:-1"},"canonical":"https:\/\/casanidomontessori.es\/en\/politica-de-privacidad\/","og_locale":"en_US","og_type":"article","og_title":"Pol\u00edtica de privacidad -","og_description":"Los art\u00edculos de este sitio pueden incluir contenido incrustado (por ejemplo, v\u00eddeos, im\u00e1genes, art\u00edculos, etc.).","og_url":"https:\/\/casanidomontessori.es\/en\/politica-de-privacidad\/","og_site_name":"Casa Nido","article_publisher":"https:\/\/www.facebook.com\/casanidom","article_modified_time":"2024-12-30T18:41:51+00:00","og_image":[{"width":512,"height":512,"url":"https:\/\/casanidomontessori.es\/wp-content\/uploads\/2024\/01\/cropped-Solo-logo-Registrado-copia.png","type":"image\/png"}],"twitter_card":"summary_large_image","twitter_site":"@CasaNido39028","twitter_misc":{"Est. reading time":"7 minutes"},"schema":{"@context":"https:\/\/schema.org","@graph":[{"@type":"WebPage","@id":"https:\/\/casanidomontessori.es\/politica-de-privacidad\/","url":"https:\/\/casanidomontessori.es\/politica-de-privacidad\/","name":"Pol\u00edtica de privacidad -","isPartOf":{"@id":"https:\/\/casanidomontessori.es\/#website"},"datePublished":"2024-12-04T00:46:23+00:00","dateModified":"2024-12-30T18:41:51+00:00","description":"Los art\u00edculos de este sitio pueden incluir contenido incrustado (por ejemplo, v\u00eddeos, im\u00e1genes, art\u00edculos, etc.).","breadcrumb":{"@id":"https:\/\/casanidomontessori.es\/politica-de-privacidad\/#breadcrumb"},"inLanguage":"en-US","potentialAction":[{"@type":"ReadAction","target":["https:\/\/casanidomontessori.es\/politica-de-privacidad\/"]}]},{"@type":"BreadcrumbList","@id":"https:\/\/casanidomontessori.es\/politica-de-privacidad\/#breadcrumb","itemListElement":[{"@type":"ListItem","position":1,"name":"Home","item":"https:\/\/casanidomontessori.es\/"},{"@type":"ListItem","position":2,"name":"Pol\u00edtica de privacidad"}]},{"@type":"WebSite","@id":"https:\/\/casanidomontessori.es\/#website","url":"https:\/\/casanidomontessori.es\/","name":"casanido.es","description":"Centro Montessori Biling\u00fce","publisher":{"@id":"https:\/\/casanidomontessori.es\/#organization"},"alternateName":"Casa Nido Montessori","potentialAction":[{"@type":"SearchAction","target":{"@type":"EntryPoint","urlTemplate":"https:\/\/casanidomontessori.es\/?s={search_term_string}"},"query-input":{"@type":"PropertyValueSpecification","valueRequired":true,"valueName":"search_term_string"}}],"inLanguage":"en-US"},{"@type":"Organization","@id":"https:\/\/casanidomontessori.es\/#organization","name":"Casa Nido English Speaking Montessori Center","alternateName":"Casa Nido Montessori","url":"https:\/\/casanidomontessori.es\/","logo":{"@type":"ImageObject","inLanguage":"en-US","@id":"https:\/\/casanidomontessori.es\/#\/schema\/logo\/image\/","url":"https:\/\/casanidomontessori.es\/wp-content\/uploads\/2024\/01\/cropped-Solo-logo-Registrado-copia.png","contentUrl":"https:\/\/casanidomontessori.es\/wp-content\/uploads\/2024\/01\/cropped-Solo-logo-Registrado-copia.png","width":512,"height":512,"caption":"Casa Nido English Speaking Montessori Center"},"image":{"@id":"https:\/\/casanidomontessori.es\/#\/schema\/logo\/image\/"},"sameAs":["https:\/\/www.facebook.com\/casanidom","https:\/\/x.com\/CasaNido39028","https:\/\/www.instagram.com\/casanidoe\/","https:\/\/www.linkedin.com\/company\/casanidom\/","https:\/\/www.tiktok.com\/@casanido","https:\/\/www.google.com\/maps?cid=12469712825010035692"]}]}},"_links":{"self":[{"href":"https:\/\/casanidomontessori.es\/en\/wp-json\/wp\/v2\/pages\/3378","targetHints":{"allow":["GET"]}}],"collection":[{"href":"https:\/\/casanidomontessori.es\/en\/wp-json\/wp\/v2\/pages"}],"about":[{"href":"https:\/\/casanidomontessori.es\/en\/wp-json\/wp\/v2\/types\/page"}],"author":[{"embeddable":true,"href":"https:\/\/casanidomontessori.es\/en\/wp-json\/wp\/v2\/users\/1"}],"replies":[{"embeddable":true,"href":"https:\/\/casanidomontessori.es\/en\/wp-json\/wp\/v2\/comments?post=3378"}],"version-history":[{"count":0,"href":"https:\/\/casanidomontessori.es\/en\/wp-json\/wp\/v2\/pages\/3378\/revisions"}],"wp:attachment":[{"href":"https:\/\/casanidomontessori.es\/en\/wp-json\/wp\/v2\/media?parent=3378"}],"curies":[{"name":"wp","href":"https:\/\/api.w.org\/{rel}","templated":true}]}}