{"id":3380,"date":"2024-12-04T01:48:02","date_gmt":"2024-12-04T00:48:02","guid":{"rendered":"https:\/\/casanidomontessori.es\/?page_id=3380"},"modified":"2024-12-30T19:42:00","modified_gmt":"2024-12-30T18:42:00","slug":"politica-de-cookies","status":"publish","type":"page","link":"https:\/\/casanidomontessori.es\/en\/politica-de-cookies\/","title":{"rendered":"Cookies policy"},"content":{"rendered":"<p><strong>Pol\u00edtica de Cookies del sitio web https:\/\/casanidomontessori.es<\/strong><\/p>\n\n\n\n<p>La presente Pol\u00edtica de Cookies pretende proporcionar la informaci\u00f3n necesaria para que cualquier usuario del sitio web pueda decidir si desea permitir la instalaci\u00f3n de las cookies utilizadas por CASA NIDO MONTESSSORI (en adelante, Casa Nido Montessori) en el sitio web<a href=\"https:\/\/casanidomontessori.es\/en\/\"> \u00a0<\/a><strong>https:\/\/casanidomontessori.es<\/strong>\u00a0(en adelante, el Sitio Web) y c\u00f3mo gestionarlas.<\/p>\n\n\n\n<p>Esta informaci\u00f3n es p\u00fablica y permanentemente accesible a trav\u00e9s del enlace habilitado en el Sitio Web, denominado \u201cPol\u00edtica de Cookies\u201d, al que pueden acceder los usuarios para mantenerse informados en todo momento.<\/p>\n\n\n\n<p>Esta Pol\u00edtica de Cookies puede actualizarse en cualquier momento, como consecuencia de un cambio normativo o como consecuencia de cualquier cambio en la configuraci\u00f3n de las cookies utilizadas.<\/p>\n\n\n\n<p>Casa Nido Montessori puede utilizar cookies, y otras tecnolog\u00edas similares, para almacenar y recuperar informaci\u00f3n de los equipos terminales de los usuarios de sus sitios web (en adelante, denominadas conjuntamente \u201cCookies\u201d).<\/p>\n\n\n\n<p>Las cookies son archivos o programas inform\u00e1ticos, enviados a un navegador por medio de un servidor web, que almacenan informaci\u00f3n en el equipo del usuario, al acceder o navegar por un sitio web, y permiten que se acceda a \u00e9sta tras su instalaci\u00f3n. En otras palabras, son elementos de informaci\u00f3n que un sitio web instala en su dispositivo cuando lo visita. Estos dispositivos pueden contener informaci\u00f3n sobre los h\u00e1bitos de navegaci\u00f3n de los usuarios o del equipo en que se instalan, o incluso pueden utilizarse para reconocer el usuario.<\/p>\n\n\n\n<p>Existen diversos tipos de cookies en funci\u00f3n de la finalidad para la que se utilizan. Casa Nido Montessori del Sitio Web utiliza los siguientes&nbsp;<strong>tipos de cookies<\/strong>:<\/p>\n\n\n\n<p>\u2013 Cookies&nbsp;<strong>t\u00e9cnicas<\/strong>: Son aqu\u00e9llas que permiten al usuario la navegaci\u00f3n a trav\u00e9s de la p\u00e1gina web y la utilizaci\u00f3n de las diferentes opciones o servicios que existen en ella como, por ejemplo, identificar la sesi\u00f3n, acceder a partes de acceso restringido, hacer el seguimiento de la cesta de la compra o para configurar la seguridad del sitio web.<\/p>\n\n\n\n<p>\u2013 Cookies&nbsp;<strong>anal\u00edticas<\/strong>, que son aqu\u00e9llas que permiten realizar el seguimiento y an\u00e1lisis del comportamiento de los usuarios del sitio web, como, por ejemplo, saber si el usuario ha visitado el sitio web con anterioridad. Para realizar estos an\u00e1lisis utilizamos el servicio Google Analytics. Las condiciones de estos servicios pueden consultarse en la siguiente direcci\u00f3n:&nbsp;<a href=\"https:\/\/developers.google.com\/analytics\/devguides\/collection\/analyticsjs\/cookie-usage?hl=es\">https:\/\/developers.google.com\/analytics\/devguides\/collection\/analyticsjs\/cookie-usage?hl=es<\/a>.<\/p>\n\n\n\n<p>\u2013 Cookies&nbsp;<strong>sociales<\/strong>: Son aqu\u00e9llas que los proveedores de servicios de redes sociales pueden instalar cuando el usuario selecciona compartir un determinado contenido de nuestro sitio web en la red social que operan. Las condiciones de estos servicios pueden consultarse en las siguientes direcciones:<\/p>\n\n\n\n<ul class=\"wp-block-list\">\n<li>Facebook:\u00a0<a href=\"https:\/\/www.facebook.com\/policies\/cookies\/\">https:\/\/www.facebook.com\/policies\/cookies\/<\/a><\/li>\n\n\n\n<li>Instagram:\u00a0<a href=\"http:\/\/instagram.com\/legal\/cookies\/\">http:\/\/instagram.com\/legal\/cookies\/<\/a><\/li>\n\n\n\n<li>Twitter:\u00a0<a href=\"https:\/\/help.twitter.com\/es\/rules-and-policies\/twitter-cookies\">https:\/\/help.twitter.com\/es\/rules-and-policies\/twitter-cookies<\/a><\/li>\n\n\n\n<li>LinkedIn:\u00a0<a href=\"https:\/\/www.linkedin.com\/legal\/cookie-policy?_l=es_ES\">https:\/\/www.linkedin.com\/legal\/cookie-policy?_l=es_ES<\/a><\/li>\n<\/ul>\n\n\n\n<p>El Sitio Web utiliza cookies an\u00f3nimas, que no proporcionan referencias que permitan deducir datos personales de los usuarios.<\/p>\n\n\n\n<p><strong>GESTI\u00d3N DE COOKIES<\/strong><\/p>\n\n\n\n<p>La instalaci\u00f3n de las cookies se producir\u00e1 tras obtener el consentimiento de los usuarios. Consideramos que hemos obtenido dicho consentimiento si el usuario navega por nuestro sitio web, o si realiza determinadas acciones que implican la autorizaci\u00f3n expresa de la instalaci\u00f3n de las cookies.<\/p>\n\n\n\n<p>Si desea revocar el consentimiento prestado deber\u00e1 eliminar las cookies instaladas. Para evitar que se instalen en el futuro deber\u00e1 activar las opciones de Navegaci\u00f3n Privada o \u201cDo-Not-Track\u201d previstas en su navegador, es decir, bloquear o desactivar la instalaci\u00f3n de cookies.<\/p>\n\n\n\n<p>Para permitir, bloquear o eliminar las cookies instaladas mediante la configuraci\u00f3n de las opciones del navegador instalado en el mismo, deben seguirse las instrucciones proporcionadas por el propio navegador. A continuaci\u00f3n, se proporcionan los enlaces para configurar las cookies de los navegadores m\u00e1s populares:<\/p>\n\n\n\n<ul class=\"wp-block-list\">\n<li>Internet Explorer:\u00a0<a href=\"https:\/\/support.microsoft.com\/es-es\/help\/17442\/windows-internet-explorer-delete-manage-cookies\">Eliminar y administras cookies<\/a><\/li>\n\n\n\n<li>Mozilla Firefox:\u00a0<a href=\"https:\/\/support.mozilla.org\/es\/kb\/Borrar%20cookies\">Borrar cookies<\/a>\u00a0\u2013\u00a0<a href=\"https:\/\/support.mozilla.org\/es\/kb\/impedir-que-los-sitios-web-guarden-sus-preferencia\">Impedir que los sitios web guarden sus preferencias o estados de sesi\u00f3n en Firefox<\/a><\/li>\n\n\n\n<li>Google Chrome:\u00a0<a href=\"https:\/\/support.google.com\/chrome\/answer\/95647?hl=es\">C\u00f3mo administrar cookies y datos de sitios<\/a><\/li>\n\n\n\n<li>Safari:\u00a0<a href=\"https:\/\/support.apple.com\/kb\/PH21411?viewlocale=es_ES&amp;locale=es_ES\">Gestionar Cookies<\/a><\/li>\n\n\n\n<li>Opera:\u00a0<a href=\"http:\/\/help.opera.com\/Windows\/11.50\/es-ES\/cookies.html\">Opciones de cookies<\/a><\/li>\n<\/ul>\n\n\n\n<p>Si no desea que el c\u00f3digo JavaScript de Google Analytics recopile los datos de su visita puede instalar el complemento de inhabilitaci\u00f3n para navegadores de Google Analytics:&nbsp;<a href=\"https:\/\/tools.google.com\/dlpage\/gaoptout\">https:\/\/tools.google.com\/dlpage\/gaoptout<\/a>. El complemento no evita que la informaci\u00f3n se env\u00ede al sitio web o, por otras v\u00edas, a otros servicios de anal\u00edtica web.<\/p>\n\n\n\n<p>Si utiliza cualquier otro navegador, o los enlaces proporcionados no contienen la informaci\u00f3n que desea, puede localizar c\u00f3mo gestionar las cookies que se instalan en su equipo accediendo al men\u00fa \u201cOpciones\u201d o \u201cConfiguraci\u00f3n\u201d \u2013o equivalente- del navegador, o bien consultando la secci\u00f3n de \u201cAyuda\u201d o \u201cSoporte\u201d del propio navegador.<\/p>\n\n\n\n<p>Hay navegadores que permiten configurar reglas espec\u00edficas \u2013excepciones- para administrar las cookies por sitio web, de forma que pueden inhabilitarse las cookies de todos los sitios salvo de aquellos en los que se conf\u00ede.<\/p>\n\n\n\n<p>En caso de bloquear o desactivar el uso de \u2018cookies\u2019 en su navegador es posible que algunos servicios o funcionalidades del Sitio Web no est\u00e9n disponibles.<\/p>\n\n\n\n<p>Recuerde que debe configurar sus preferencias en todos los dispositivos que utilice para navegar por internet.<\/p>","protected":false},"excerpt":{"rendered":"<p>Pol\u00edtica de Cookies del sitio web https:\/\/casanidomontessori.es La presente Pol\u00edtica de Cookies pretende proporcionar la informaci\u00f3n necesaria para que cualquier usuario del sitio web pueda decidir si desea permitir la instalaci\u00f3n de las cookies utilizadas por CASA NIDO MONTESSSORI (en adelante, Casa Nido Montessori) en el sitio web \u00a0https:\/\/casanidomontessori.es\u00a0(en adelante, el Sitio Web) y c\u00f3mo&#8230;<\/p>","protected":false},"author":1,"featured_media":0,"parent":0,"menu_order":0,"comment_status":"closed","ping_status":"closed","template":"","meta":{"_kadence_starter_templates_imported_post":false,"_kad_post_transparent":"","_kad_post_title":"","_kad_post_layout":"","_kad_post_sidebar_id":"","_kad_post_content_style":"","_kad_post_vertical_padding":"","_kad_post_feature":"","_kad_post_feature_position":"","_kad_post_header":false,"_kad_post_footer":false,"footnotes":""},"class_list":["post-3380","page","type-page","status-publish","hentry"],"yoast_head":"<!-- This site is optimized with the Yoast SEO plugin v26.3 - https:\/\/yoast.com\/wordpress\/plugins\/seo\/ -->\n<title>Pol\u00edtica de Cookies -<\/title>\n<meta name=\"description\" content=\"Esta Pol\u00edtica de Cookies puede actualizarse en cualquier momento, como consecuencia de un cambio normativo o como consecuencia\" \/>\n<meta name=\"robots\" content=\"index, follow, max-snippet:-1, max-image-preview:large, max-video-preview:-1\" \/>\n<link rel=\"canonical\" href=\"https:\/\/casanidomontessori.es\/en\/politica-de-cookies\/\" \/>\n<meta property=\"og:locale\" content=\"en_US\" \/>\n<meta property=\"og:type\" content=\"article\" \/>\n<meta property=\"og:title\" content=\"Pol\u00edtica de Cookies -\" \/>\n<meta property=\"og:description\" content=\"Esta Pol\u00edtica de Cookies puede actualizarse en cualquier momento, como consecuencia de un cambio normativo o como consecuencia\" \/>\n<meta property=\"og:url\" content=\"https:\/\/casanidomontessori.es\/en\/politica-de-cookies\/\" \/>\n<meta property=\"og:site_name\" content=\"Casa Nido\" \/>\n<meta property=\"article:publisher\" content=\"https:\/\/www.facebook.com\/casanidom\" \/>\n<meta property=\"article:modified_time\" content=\"2024-12-30T18:42:00+00:00\" \/>\n<meta property=\"og:image\" content=\"https:\/\/casanidomontessori.es\/wp-content\/uploads\/2024\/01\/cropped-Solo-logo-Registrado-copia.png\" \/>\n\t<meta property=\"og:image:width\" content=\"512\" \/>\n\t<meta property=\"og:image:height\" content=\"512\" \/>\n\t<meta property=\"og:image:type\" content=\"image\/png\" \/>\n<meta name=\"twitter:card\" content=\"summary_large_image\" \/>\n<meta name=\"twitter:site\" content=\"@CasaNido39028\" \/>\n<meta name=\"twitter:label1\" content=\"Est. reading time\" \/>\n\t<meta name=\"twitter:data1\" content=\"4 minutes\" \/>\n<script type=\"application\/ld+json\" class=\"yoast-schema-graph\">{\"@context\":\"https:\/\/schema.org\",\"@graph\":[{\"@type\":\"WebPage\",\"@id\":\"https:\/\/casanidomontessori.es\/politica-de-cookies\/\",\"url\":\"https:\/\/casanidomontessori.es\/politica-de-cookies\/\",\"name\":\"Pol\u00edtica de Cookies -\",\"isPartOf\":{\"@id\":\"https:\/\/casanidomontessori.es\/#website\"},\"datePublished\":\"2024-12-04T00:48:02+00:00\",\"dateModified\":\"2024-12-30T18:42:00+00:00\",\"description\":\"Esta Pol\u00edtica de Cookies puede actualizarse en cualquier momento, como consecuencia de un cambio normativo o como consecuencia\",\"breadcrumb\":{\"@id\":\"https:\/\/casanidomontessori.es\/politica-de-cookies\/#breadcrumb\"},\"inLanguage\":\"en-US\",\"potentialAction\":[{\"@type\":\"ReadAction\",\"target\":[\"https:\/\/casanidomontessori.es\/politica-de-cookies\/\"]}]},{\"@type\":\"BreadcrumbList\",\"@id\":\"https:\/\/casanidomontessori.es\/politica-de-cookies\/#breadcrumb\",\"itemListElement\":[{\"@type\":\"ListItem\",\"position\":1,\"name\":\"Home\",\"item\":\"https:\/\/casanidomontessori.es\/\"},{\"@type\":\"ListItem\",\"position\":2,\"name\":\"Pol\u00edtica de Cookies\"}]},{\"@type\":\"WebSite\",\"@id\":\"https:\/\/casanidomontessori.es\/#website\",\"url\":\"https:\/\/casanidomontessori.es\/\",\"name\":\"casanido.es\",\"description\":\"Centro Montessori Biling\u00fce\",\"publisher\":{\"@id\":\"https:\/\/casanidomontessori.es\/#organization\"},\"alternateName\":\"Casa Nido Montessori\",\"potentialAction\":[{\"@type\":\"SearchAction\",\"target\":{\"@type\":\"EntryPoint\",\"urlTemplate\":\"https:\/\/casanidomontessori.es\/?s={search_term_string}\"},\"query-input\":{\"@type\":\"PropertyValueSpecification\",\"valueRequired\":true,\"valueName\":\"search_term_string\"}}],\"inLanguage\":\"en-US\"},{\"@type\":\"Organization\",\"@id\":\"https:\/\/casanidomontessori.es\/#organization\",\"name\":\"Casa Nido English Speaking Montessori Center\",\"alternateName\":\"Casa Nido Montessori\",\"url\":\"https:\/\/casanidomontessori.es\/\",\"logo\":{\"@type\":\"ImageObject\",\"inLanguage\":\"en-US\",\"@id\":\"https:\/\/casanidomontessori.es\/#\/schema\/logo\/image\/\",\"url\":\"https:\/\/casanidomontessori.es\/wp-content\/uploads\/2024\/01\/cropped-Solo-logo-Registrado-copia.png\",\"contentUrl\":\"https:\/\/casanidomontessori.es\/wp-content\/uploads\/2024\/01\/cropped-Solo-logo-Registrado-copia.png\",\"width\":512,\"height\":512,\"caption\":\"Casa Nido English Speaking Montessori Center\"},\"image\":{\"@id\":\"https:\/\/casanidomontessori.es\/#\/schema\/logo\/image\/\"},\"sameAs\":[\"https:\/\/www.facebook.com\/casanidom\",\"https:\/\/x.com\/CasaNido39028\",\"https:\/\/www.instagram.com\/casanidoe\/\",\"https:\/\/www.linkedin.com\/company\/casanidom\/\",\"https:\/\/www.tiktok.com\/@casanido\",\"https:\/\/www.google.com\/maps?cid=12469712825010035692\"]}]}<\/script>\n<!-- \/ Yoast SEO plugin. -->","yoast_head_json":{"title":"Pol\u00edtica de Cookies -","description":"Esta Pol\u00edtica de Cookies puede actualizarse en cualquier momento, como consecuencia de un cambio normativo o como consecuencia","robots":{"index":"index","follow":"follow","max-snippet":"max-snippet:-1","max-image-preview":"max-image-preview:large","max-video-preview":"max-video-preview:-1"},"canonical":"https:\/\/casanidomontessori.es\/en\/politica-de-cookies\/","og_locale":"en_US","og_type":"article","og_title":"Pol\u00edtica de Cookies -","og_description":"Esta Pol\u00edtica de Cookies puede actualizarse en cualquier momento, como consecuencia de un cambio normativo o como consecuencia","og_url":"https:\/\/casanidomontessori.es\/en\/politica-de-cookies\/","og_site_name":"Casa Nido","article_publisher":"https:\/\/www.facebook.com\/casanidom","article_modified_time":"2024-12-30T18:42:00+00:00","og_image":[{"width":512,"height":512,"url":"https:\/\/casanidomontessori.es\/wp-content\/uploads\/2024\/01\/cropped-Solo-logo-Registrado-copia.png","type":"image\/png"}],"twitter_card":"summary_large_image","twitter_site":"@CasaNido39028","twitter_misc":{"Est. reading time":"4 minutes"},"schema":{"@context":"https:\/\/schema.org","@graph":[{"@type":"WebPage","@id":"https:\/\/casanidomontessori.es\/politica-de-cookies\/","url":"https:\/\/casanidomontessori.es\/politica-de-cookies\/","name":"Pol\u00edtica de Cookies -","isPartOf":{"@id":"https:\/\/casanidomontessori.es\/#website"},"datePublished":"2024-12-04T00:48:02+00:00","dateModified":"2024-12-30T18:42:00+00:00","description":"Esta Pol\u00edtica de Cookies puede actualizarse en cualquier momento, como consecuencia de un cambio normativo o como consecuencia","breadcrumb":{"@id":"https:\/\/casanidomontessori.es\/politica-de-cookies\/#breadcrumb"},"inLanguage":"en-US","potentialAction":[{"@type":"ReadAction","target":["https:\/\/casanidomontessori.es\/politica-de-cookies\/"]}]},{"@type":"BreadcrumbList","@id":"https:\/\/casanidomontessori.es\/politica-de-cookies\/#breadcrumb","itemListElement":[{"@type":"ListItem","position":1,"name":"Home","item":"https:\/\/casanidomontessori.es\/"},{"@type":"ListItem","position":2,"name":"Pol\u00edtica de Cookies"}]},{"@type":"WebSite","@id":"https:\/\/casanidomontessori.es\/#website","url":"https:\/\/casanidomontessori.es\/","name":"casanido.es","description":"Centro Montessori Biling\u00fce","publisher":{"@id":"https:\/\/casanidomontessori.es\/#organization"},"alternateName":"Casa Nido Montessori","potentialAction":[{"@type":"SearchAction","target":{"@type":"EntryPoint","urlTemplate":"https:\/\/casanidomontessori.es\/?s={search_term_string}"},"query-input":{"@type":"PropertyValueSpecification","valueRequired":true,"valueName":"search_term_string"}}],"inLanguage":"en-US"},{"@type":"Organization","@id":"https:\/\/casanidomontessori.es\/#organization","name":"Casa Nido English Speaking Montessori Center","alternateName":"Casa Nido Montessori","url":"https:\/\/casanidomontessori.es\/","logo":{"@type":"ImageObject","inLanguage":"en-US","@id":"https:\/\/casanidomontessori.es\/#\/schema\/logo\/image\/","url":"https:\/\/casanidomontessori.es\/wp-content\/uploads\/2024\/01\/cropped-Solo-logo-Registrado-copia.png","contentUrl":"https:\/\/casanidomontessori.es\/wp-content\/uploads\/2024\/01\/cropped-Solo-logo-Registrado-copia.png","width":512,"height":512,"caption":"Casa Nido English Speaking Montessori Center"},"image":{"@id":"https:\/\/casanidomontessori.es\/#\/schema\/logo\/image\/"},"sameAs":["https:\/\/www.facebook.com\/casanidom","https:\/\/x.com\/CasaNido39028","https:\/\/www.instagram.com\/casanidoe\/","https:\/\/www.linkedin.com\/company\/casanidom\/","https:\/\/www.tiktok.com\/@casanido","https:\/\/www.google.com\/maps?cid=12469712825010035692"]}]}},"_links":{"self":[{"href":"https:\/\/casanidomontessori.es\/en\/wp-json\/wp\/v2\/pages\/3380","targetHints":{"allow":["GET"]}}],"collection":[{"href":"https:\/\/casanidomontessori.es\/en\/wp-json\/wp\/v2\/pages"}],"about":[{"href":"https:\/\/casanidomontessori.es\/en\/wp-json\/wp\/v2\/types\/page"}],"author":[{"embeddable":true,"href":"https:\/\/casanidomontessori.es\/en\/wp-json\/wp\/v2\/users\/1"}],"replies":[{"embeddable":true,"href":"https:\/\/casanidomontessori.es\/en\/wp-json\/wp\/v2\/comments?post=3380"}],"version-history":[{"count":0,"href":"https:\/\/casanidomontessori.es\/en\/wp-json\/wp\/v2\/pages\/3380\/revisions"}],"wp:attachment":[{"href":"https:\/\/casanidomontessori.es\/en\/wp-json\/wp\/v2\/media?parent=3380"}],"curies":[{"name":"wp","href":"https:\/\/api.w.org\/{rel}","templated":true}]}}